{"id":10,"date":"2016-06-29T14:23:00","date_gmt":"2016-06-29T14:23:00","guid":{"rendered":"http:\/\/dev.creiden.com\/edialogue\/?page_id=10"},"modified":"2020-06-19T11:12:54","modified_gmt":"2020-06-19T11:12:54","slug":"a-propos-de-nous","status":"publish","type":"page","link":"https:\/\/edialogue.org\/fr\/a-propos-de-nous\/","title":{"rendered":"A propos de nous"},"content":{"rendered":"","protected":false},"excerpt":{"rendered":"","protected":false},"author":1,"featured_media":0,"parent":0,"menu_order":0,"comment_status":"closed","ping_status":"closed","template":"page_about.php","meta":{"footnotes":""},"class_list":["post-10","page","type-page","status-publish","hentry"],"yoast_head":"<!-- This site is optimized with the Yoast SEO plugin v27.1.1 - https:\/\/yoast.com\/product\/yoast-seo-wordpress\/ -->\n<title>A propos de nous - eDialogue<\/title>\n<meta name=\"description\" content=\"Nous aimerions partager la v\u00e9rit\u00e9 et la beaut\u00e9 de l&#039;Islam avec les non-musulmans dans une ambiance amusante, amicale et sans pression.\" \/>\n<meta name=\"robots\" content=\"index, follow, max-snippet:-1, max-image-preview:large, max-video-preview:-1\" \/>\n<link rel=\"canonical\" href=\"https:\/\/edialogue.org\/fr\/a-propos-de-nous\/\" \/>\n<meta property=\"og:locale\" content=\"en_US\" \/>\n<meta property=\"og:type\" content=\"article\" \/>\n<meta property=\"og:title\" content=\"A propos de nous - eDialogue\" \/>\n<meta property=\"og:description\" content=\"Nous aimerions partager la v\u00e9rit\u00e9 et la beaut\u00e9 de l&#039;Islam avec les non-musulmans dans une ambiance amusante, amicale et sans pression.\" \/>\n<meta property=\"og:url\" content=\"https:\/\/edialogue.org\/fr\/a-propos-de-nous\/\" \/>\n<meta property=\"og:site_name\" content=\"eDialogue\" \/>\n<meta property=\"article:publisher\" content=\"https:\/\/www.facebook.com\/eDialogueEN-1407755962814221\" \/>\n<meta property=\"article:modified_time\" content=\"2020-06-19T11:12:54+00:00\" \/>\n<meta name=\"twitter:card\" content=\"summary_large_image\" \/>\n<meta name=\"twitter:site\" content=\"@edialoguecenter\" \/>\n<script type=\"application\/ld+json\" class=\"yoast-schema-graph\">{\"@context\":\"https:\/\/schema.org\",\"@graph\":[{\"@type\":\"WebPage\",\"@id\":\"https:\/\/edialogue.org\/fr\/a-propos-de-nous\/\",\"url\":\"https:\/\/edialogue.org\/fr\/a-propos-de-nous\/\",\"name\":\"A propos de nous - eDialogue\",\"isPartOf\":{\"@id\":\"https:\/\/edialogue.org\/fr\/#website\"},\"datePublished\":\"2016-06-29T14:23:00+00:00\",\"dateModified\":\"2020-06-19T11:12:54+00:00\",\"description\":\"Nous aimerions partager la v\u00e9rit\u00e9 et la beaut\u00e9 de l'Islam avec les non-musulmans dans une ambiance amusante, amicale et sans pression.\",\"breadcrumb\":{\"@id\":\"https:\/\/edialogue.org\/fr\/a-propos-de-nous\/#breadcrumb\"},\"inLanguage\":\"en-US\",\"potentialAction\":[{\"@type\":\"ReadAction\",\"target\":[\"https:\/\/edialogue.org\/fr\/a-propos-de-nous\/\"]}]},{\"@type\":\"BreadcrumbList\",\"@id\":\"https:\/\/edialogue.org\/fr\/a-propos-de-nous\/#breadcrumb\",\"itemListElement\":[{\"@type\":\"ListItem\",\"position\":1,\"name\":\"Home\",\"item\":\"https:\/\/edialogue.org\/fr\/\"},{\"@type\":\"ListItem\",\"position\":2,\"name\":\"A propos de nous\"}]},{\"@type\":\"WebSite\",\"@id\":\"https:\/\/edialogue.org\/fr\/#website\",\"url\":\"https:\/\/edialogue.org\/fr\/\",\"name\":\"eDialogue\",\"description\":\"Une Invitation \u00e0 Vivre Mieux\",\"potentialAction\":[{\"@type\":\"SearchAction\",\"target\":{\"@type\":\"EntryPoint\",\"urlTemplate\":\"https:\/\/edialogue.org\/fr\/?s={search_term_string}\"},\"query-input\":{\"@type\":\"PropertyValueSpecification\",\"valueRequired\":true,\"valueName\":\"search_term_string\"}}],\"inLanguage\":\"en-US\"}]}<\/script>\n<!-- \/ Yoast SEO plugin. -->","yoast_head_json":{"title":"A propos de nous - eDialogue","description":"Nous aimerions partager la v\u00e9rit\u00e9 et la beaut\u00e9 de l'Islam avec les non-musulmans dans une ambiance amusante, amicale et sans pression.","robots":{"index":"index","follow":"follow","max-snippet":"max-snippet:-1","max-image-preview":"max-image-preview:large","max-video-preview":"max-video-preview:-1"},"canonical":"https:\/\/edialogue.org\/fr\/a-propos-de-nous\/","og_locale":"en_US","og_type":"article","og_title":"A propos de nous - eDialogue","og_description":"Nous aimerions partager la v\u00e9rit\u00e9 et la beaut\u00e9 de l'Islam avec les non-musulmans dans une ambiance amusante, amicale et sans pression.","og_url":"https:\/\/edialogue.org\/fr\/a-propos-de-nous\/","og_site_name":"eDialogue","article_publisher":"https:\/\/www.facebook.com\/eDialogueEN-1407755962814221","article_modified_time":"2020-06-19T11:12:54+00:00","twitter_card":"summary_large_image","twitter_site":"@edialoguecenter","schema":{"@context":"https:\/\/schema.org","@graph":[{"@type":"WebPage","@id":"https:\/\/edialogue.org\/fr\/a-propos-de-nous\/","url":"https:\/\/edialogue.org\/fr\/a-propos-de-nous\/","name":"A propos de nous - eDialogue","isPartOf":{"@id":"https:\/\/edialogue.org\/fr\/#website"},"datePublished":"2016-06-29T14:23:00+00:00","dateModified":"2020-06-19T11:12:54+00:00","description":"Nous aimerions partager la v\u00e9rit\u00e9 et la beaut\u00e9 de l'Islam avec les non-musulmans dans une ambiance amusante, amicale et sans pression.","breadcrumb":{"@id":"https:\/\/edialogue.org\/fr\/a-propos-de-nous\/#breadcrumb"},"inLanguage":"en-US","potentialAction":[{"@type":"ReadAction","target":["https:\/\/edialogue.org\/fr\/a-propos-de-nous\/"]}]},{"@type":"BreadcrumbList","@id":"https:\/\/edialogue.org\/fr\/a-propos-de-nous\/#breadcrumb","itemListElement":[{"@type":"ListItem","position":1,"name":"Home","item":"https:\/\/edialogue.org\/fr\/"},{"@type":"ListItem","position":2,"name":"A propos de nous"}]},{"@type":"WebSite","@id":"https:\/\/edialogue.org\/fr\/#website","url":"https:\/\/edialogue.org\/fr\/","name":"eDialogue","description":"Une Invitation \u00e0 Vivre Mieux","potentialAction":[{"@type":"SearchAction","target":{"@type":"EntryPoint","urlTemplate":"https:\/\/edialogue.org\/fr\/?s={search_term_string}"},"query-input":{"@type":"PropertyValueSpecification","valueRequired":true,"valueName":"search_term_string"}}],"inLanguage":"en-US"}]}},"_links":{"self":[{"href":"https:\/\/edialogue.org\/fr\/wp-json\/wp\/v2\/pages\/10","targetHints":{"allow":["GET"]}}],"collection":[{"href":"https:\/\/edialogue.org\/fr\/wp-json\/wp\/v2\/pages"}],"about":[{"href":"https:\/\/edialogue.org\/fr\/wp-json\/wp\/v2\/types\/page"}],"author":[{"embeddable":true,"href":"https:\/\/edialogue.org\/fr\/wp-json\/wp\/v2\/users\/1"}],"replies":[{"embeddable":true,"href":"https:\/\/edialogue.org\/fr\/wp-json\/wp\/v2\/comments?post=10"}],"version-history":[{"count":7,"href":"https:\/\/edialogue.org\/fr\/wp-json\/wp\/v2\/pages\/10\/revisions"}],"predecessor-version":[{"id":83,"href":"https:\/\/edialogue.org\/fr\/wp-json\/wp\/v2\/pages\/10\/revisions\/83"}],"wp:attachment":[{"href":"https:\/\/edialogue.org\/fr\/wp-json\/wp\/v2\/media?parent=10"}],"curies":[{"name":"wp","href":"https:\/\/api.w.org\/{rel}","templated":true}]}}